{"id":5910,"date":"2023-07-12T10:59:02","date_gmt":"2023-07-12T08:59:02","guid":{"rendered":"https:\/\/www.oliva-ayala.es\/kontakt\/"},"modified":"2024-01-15T14:52:03","modified_gmt":"2024-01-15T13:52:03","slug":"kontakt","status":"publish","type":"page","link":"https:\/\/www.oliva-ayala.es\/de\/kontakt\/","title":{"rendered":"Kontakt"},"content":{"rendered":"\t\t<div data-elementor-type=\"wp-page\" data-elementor-id=\"5910\" class=\"elementor elementor-5910 elementor-16\" data-elementor-post-type=\"page\">\n\t\t\t\t\t\t<section class=\"elementor-section elementor-top-section elementor-element elementor-element-b3d52b4 elementor-section-full_width elementor-section-height-default elementor-section-height-default\" data-id=\"b3d52b4\" data-element_type=\"section\">\n\t\t\t\t\t\t<div class=\"elementor-container elementor-column-gap-default\">\n\t\t\t\t\t<div class=\"elementor-column elementor-col-50 elementor-top-column elementor-element elementor-element-c6dfea3\" data-id=\"c6dfea3\" data-element_type=\"column\" data-settings=\"{&quot;background_background&quot;:&quot;classic&quot;}\">\n\t\t\t<div class=\"elementor-widget-wrap elementor-element-populated\">\n\t\t\t\t\t\t<div class=\"elementor-element elementor-element-7f2c83c elementor-widget elementor-widget-image\" data-id=\"7f2c83c\" data-element_type=\"widget\" data-widget_type=\"image.default\">\n\t\t\t\t<div class=\"elementor-widget-container\">\n\t\t\t<style>\/*! elementor - v3.23.0 - 05-08-2024 *\/\n.elementor-widget-image{text-align:center}.elementor-widget-image a{display:inline-block}.elementor-widget-image a img[src$=\".svg\"]{width:48px}.elementor-widget-image img{vertical-align:middle;display:inline-block}<\/style>\t\t\t\t\t\t\t\t\t\t<img fetchpriority=\"high\" decoding=\"async\" width=\"1500\" height=\"2250\" src=\"https:\/\/www.oliva-ayala.es\/wp-content\/uploads\/2023\/11\/Puerta-Oliva-Ayala-Contacto.jpg\" class=\"attachment-full size-full wp-image-4204\" alt=\"\" srcset=\"https:\/\/www.oliva-ayala.es\/wp-content\/uploads\/2023\/11\/Puerta-Oliva-Ayala-Contacto.jpg 1500w, https:\/\/www.oliva-ayala.es\/wp-content\/uploads\/2023\/11\/Puerta-Oliva-Ayala-Contacto-200x300.jpg 200w, https:\/\/www.oliva-ayala.es\/wp-content\/uploads\/2023\/11\/Puerta-Oliva-Ayala-Contacto-683x1024.jpg 683w, https:\/\/www.oliva-ayala.es\/wp-content\/uploads\/2023\/11\/Puerta-Oliva-Ayala-Contacto-768x1152.jpg 768w, https:\/\/www.oliva-ayala.es\/wp-content\/uploads\/2023\/11\/Puerta-Oliva-Ayala-Contacto-1024x1536.jpg 1024w, https:\/\/www.oliva-ayala.es\/wp-content\/uploads\/2023\/11\/Puerta-Oliva-Ayala-Contacto-1365x2048.jpg 1365w\" sizes=\"(max-width: 1500px) 100vw, 1500px\" \/>\t\t\t\t\t\t\t\t\t\t\t\t\t<\/div>\n\t\t\t\t<\/div>\n\t\t\t\t\t<\/div>\n\t\t<\/div>\n\t\t\t\t<div class=\"elementor-column elementor-col-50 elementor-top-column elementor-element elementor-element-ccc0742\" data-id=\"ccc0742\" data-element_type=\"column\">\n\t\t\t<div class=\"elementor-widget-wrap elementor-element-populated\">\n\t\t\t\t\t\t<div class=\"elementor-element elementor-element-e2fb0e2 animated-slow elementor-hidden-desktop elementor-hidden-tablet elementor-hidden-laptop elementor-hidden-tablet_extra elementor-invisible elementor-widget elementor-widget-heading\" data-id=\"e2fb0e2\" data-element_type=\"widget\" data-settings=\"{&quot;_animation&quot;:&quot;fadeInRight&quot;}\" data-widget_type=\"heading.default\">\n\t\t\t\t<div class=\"elementor-widget-container\">\n\t\t\t<style>\/*! elementor - v3.23.0 - 05-08-2024 *\/\n.elementor-heading-title{padding:0;margin:0;line-height:1}.elementor-widget-heading .elementor-heading-title[class*=elementor-size-]>a{color:inherit;font-size:inherit;line-height:inherit}.elementor-widget-heading .elementor-heading-title.elementor-size-small{font-size:15px}.elementor-widget-heading .elementor-heading-title.elementor-size-medium{font-size:19px}.elementor-widget-heading .elementor-heading-title.elementor-size-large{font-size:29px}.elementor-widget-heading .elementor-heading-title.elementor-size-xl{font-size:39px}.elementor-widget-heading .elementor-heading-title.elementor-size-xxl{font-size:59px}<\/style><h1 class=\"elementor-heading-title elementor-size-default\"><span style=\"color:#ae171b;\">Kontakt<\/span><\/h1>\t\t<\/div>\n\t\t\t\t<\/div>\n\t\t\t\t<div class=\"elementor-element elementor-element-9e3dd0e animated-slow elementor-hidden-mobile elementor-hidden-mobile_extra elementor-invisible elementor-widget elementor-widget-heading\" data-id=\"9e3dd0e\" data-element_type=\"widget\" data-settings=\"{&quot;motion_fx_motion_fx_scrolling&quot;:&quot;yes&quot;,&quot;motion_fx_translateX_effect&quot;:&quot;yes&quot;,&quot;_animation&quot;:&quot;fadeInRight&quot;,&quot;motion_fx_translateX_speed&quot;:{&quot;unit&quot;:&quot;px&quot;,&quot;size&quot;:1.1000000000000001,&quot;sizes&quot;:[]},&quot;motion_fx_translateX_affectedRange&quot;:{&quot;unit&quot;:&quot;%&quot;,&quot;size&quot;:&quot;&quot;,&quot;sizes&quot;:{&quot;start&quot;:0,&quot;end&quot;:100}},&quot;motion_fx_devices&quot;:[&quot;desktop&quot;,&quot;laptop&quot;,&quot;tablet_extra&quot;,&quot;tablet&quot;,&quot;mobile_extra&quot;,&quot;mobile&quot;]}\" data-widget_type=\"heading.default\">\n\t\t\t\t<div class=\"elementor-widget-container\">\n\t\t\t<h1 class=\"elementor-heading-title elementor-size-default\"><span style=\"color:#ae171b;\">Kontakt<\/span><\/h1>\t\t<\/div>\n\t\t\t\t<\/div>\n\t\t\t\t<div class=\"elementor-element elementor-element-ef67ab7 elementor-widget elementor-widget-text-editor\" data-id=\"ef67ab7\" data-element_type=\"widget\" data-widget_type=\"text-editor.default\">\n\t\t\t\t<div class=\"elementor-widget-container\">\n\t\t\t<style>\/*! elementor - v3.23.0 - 05-08-2024 *\/\n.elementor-widget-text-editor.elementor-drop-cap-view-stacked .elementor-drop-cap{background-color:#69727d;color:#fff}.elementor-widget-text-editor.elementor-drop-cap-view-framed .elementor-drop-cap{color:#69727d;border:3px solid;background-color:transparent}.elementor-widget-text-editor:not(.elementor-drop-cap-view-default) .elementor-drop-cap{margin-top:8px}.elementor-widget-text-editor:not(.elementor-drop-cap-view-default) .elementor-drop-cap-letter{width:1em;height:1em}.elementor-widget-text-editor .elementor-drop-cap{float:left;text-align:center;line-height:1;font-size:50px}.elementor-widget-text-editor .elementor-drop-cap-letter{display:inline-block}<\/style>\t\t\t\t<p>Wenn Sie unsere Leistungen in Anspruch nehmen m\u00f6chten, nehmen Sie bitte Kontakt mit uns auf. Wir beantworten gerne Ihre Fragen und W\u00fcnsche.<\/p>\n\t\t\t\t\t\t<\/div>\n\t\t\t\t<\/div>\n\t\t\t\t<section class=\"elementor-section elementor-inner-section elementor-element elementor-element-370de2d elementor-section-full_width elementor-section-height-default elementor-section-height-default\" data-id=\"370de2d\" data-element_type=\"section\">\n\t\t\t\t\t\t<div class=\"elementor-container elementor-column-gap-default\">\n\t\t\t\t\t<div class=\"elementor-column elementor-col-50 elementor-inner-column elementor-element elementor-element-c9c0552\" data-id=\"c9c0552\" data-element_type=\"column\">\n\t\t\t<div class=\"elementor-widget-wrap elementor-element-populated\">\n\t\t\t\t\t\t<div class=\"elementor-element elementor-element-7663f41 elementor-widget elementor-widget-heading\" data-id=\"7663f41\" data-element_type=\"widget\" data-widget_type=\"heading.default\">\n\t\t\t\t<div class=\"elementor-widget-container\">\n\t\t\t<h6 class=\"elementor-heading-title elementor-size-default\">Telefon<\/h6>\t\t<\/div>\n\t\t\t\t<\/div>\n\t\t\t\t<div class=\"elementor-element elementor-element-1e3f857 elementor-widget elementor-widget-text-editor\" data-id=\"1e3f857\" data-element_type=\"widget\" data-widget_type=\"text-editor.default\">\n\t\t\t\t<div class=\"elementor-widget-container\">\n\t\t\t\t\t\t\t<p><a href=\"tel:+34913911290\">+34 913 911 290<\/a><\/p>\n\t\t\t\t\t\t<\/div>\n\t\t\t\t<\/div>\n\t\t\t\t\t<\/div>\n\t\t<\/div>\n\t\t\t\t<div class=\"elementor-column elementor-col-50 elementor-inner-column elementor-element elementor-element-edeb7f5\" data-id=\"edeb7f5\" data-element_type=\"column\">\n\t\t\t<div class=\"elementor-widget-wrap elementor-element-populated\">\n\t\t\t\t\t\t<div class=\"elementor-element elementor-element-86a40f1 elementor-widget elementor-widget-heading\" data-id=\"86a40f1\" data-element_type=\"widget\" data-widget_type=\"heading.default\">\n\t\t\t\t<div class=\"elementor-widget-container\">\n\t\t\t<h6 class=\"elementor-heading-title elementor-size-default\">Fax<\/h6>\t\t<\/div>\n\t\t\t\t<\/div>\n\t\t\t\t<div class=\"elementor-element elementor-element-db382b6 elementor-widget elementor-widget-text-editor\" data-id=\"db382b6\" data-element_type=\"widget\" data-widget_type=\"text-editor.default\">\n\t\t\t\t<div class=\"elementor-widget-container\">\n\t\t\t\t\t\t\t<p>+34 913 103 455<\/p>\n\t\t\t\t\t\t<\/div>\n\t\t\t\t<\/div>\n\t\t\t\t\t<\/div>\n\t\t<\/div>\n\t\t\t\t\t<\/div>\n\t\t<\/section>\n\t\t\t\t<section class=\"elementor-section elementor-inner-section elementor-element elementor-element-3c50c59 elementor-section-full_width elementor-section-height-default elementor-section-height-default\" data-id=\"3c50c59\" data-element_type=\"section\">\n\t\t\t\t\t\t<div class=\"elementor-container elementor-column-gap-default\">\n\t\t\t\t\t<div class=\"elementor-column elementor-col-50 elementor-inner-column elementor-element elementor-element-72a698c\" data-id=\"72a698c\" data-element_type=\"column\">\n\t\t\t<div class=\"elementor-widget-wrap elementor-element-populated\">\n\t\t\t\t\t\t<div class=\"elementor-element elementor-element-47c4e41 elementor-widget elementor-widget-heading\" data-id=\"47c4e41\" data-element_type=\"widget\" data-widget_type=\"heading.default\">\n\t\t\t\t<div class=\"elementor-widget-container\">\n\t\t\t<h6 class=\"elementor-heading-title elementor-size-default\">Adresse<\/h6>\t\t<\/div>\n\t\t\t\t<\/div>\n\t\t\t\t<div class=\"elementor-element elementor-element-7e4efc9 elementor-widget elementor-widget-text-editor\" data-id=\"7e4efc9\" data-element_type=\"widget\" data-widget_type=\"text-editor.default\">\n\t\t\t\t<div class=\"elementor-widget-container\">\n\t\t\t\t\t\t\t<p><a href=\"https:\/\/goo.gl\/maps\/nB7mm4mQgNhKZTaBA\">Calle Miguel \u00c1ngel N\u00ba 14, 3\u00ba, 28010 Madrid, Espa\u00f1a<\/a><\/p>\n\t\t\t\t\t\t<\/div>\n\t\t\t\t<\/div>\n\t\t\t\t\t<\/div>\n\t\t<\/div>\n\t\t\t\t<div class=\"elementor-column elementor-col-50 elementor-inner-column elementor-element elementor-element-695608a\" data-id=\"695608a\" data-element_type=\"column\">\n\t\t\t<div class=\"elementor-widget-wrap elementor-element-populated\">\n\t\t\t\t\t\t<div class=\"elementor-element elementor-element-7b3980d elementor-widget elementor-widget-heading\" data-id=\"7b3980d\" data-element_type=\"widget\" data-widget_type=\"heading.default\">\n\t\t\t\t<div class=\"elementor-widget-container\">\n\t\t\t<h6 class=\"elementor-heading-title elementor-size-default\">E-mail<\/h6>\t\t<\/div>\n\t\t\t\t<\/div>\n\t\t\t\t<div class=\"elementor-element elementor-element-6a5a56f elementor-widget elementor-widget-text-editor\" data-id=\"6a5a56f\" data-element_type=\"widget\" data-widget_type=\"text-editor.default\">\n\t\t\t\t<div class=\"elementor-widget-container\">\n\t\t\t\t\t\t\t<p><a href=\"mailto:abogados@oliva-ayala.com\">abogados@oliva-ayala.com<\/a><\/p>\n\t\t\t\t\t\t<\/div>\n\t\t\t\t<\/div>\n\t\t\t\t\t<\/div>\n\t\t<\/div>\n\t\t\t\t\t<\/div>\n\t\t<\/section>\n\t\t\t\t<section class=\"elementor-section elementor-inner-section elementor-element elementor-element-a084cf4 elementor-section-full_width elementor-section-height-default elementor-section-height-default\" data-id=\"a084cf4\" data-element_type=\"section\">\n\t\t\t\t\t\t<div class=\"elementor-container elementor-column-gap-default\">\n\t\t\t\t\t<div class=\"elementor-column elementor-col-100 elementor-inner-column elementor-element elementor-element-fec32bc\" data-id=\"fec32bc\" data-element_type=\"column\">\n\t\t\t<div class=\"elementor-widget-wrap elementor-element-populated\">\n\t\t\t\t\t\t<div class=\"elementor-element elementor-element-c7fd289 elementor-widget elementor-widget-button\" data-id=\"c7fd289\" data-element_type=\"widget\" data-widget_type=\"button.default\">\n\t\t\t\t<div class=\"elementor-widget-container\">\n\t\t\t\t\t<div class=\"elementor-button-wrapper\">\n\t\t\t<a class=\"elementor-button elementor-button-link elementor-size-sm\" href=\"https:\/\/www.linkedin.com\/company\/oliva-ayala-abogados\/\">\n\t\t\t\t\t\t<span class=\"elementor-button-content-wrapper\">\n\t\t\t\t\t\t<span class=\"elementor-button-icon\">\n\t\t\t\t<i aria-hidden=\"true\" class=\"fas fa-caret-right\"><\/i>\t\t\t<\/span>\n\t\t\t\t\t\t\t\t\t<span class=\"elementor-button-text\">Linkedin<\/span>\n\t\t\t\t\t<\/span>\n\t\t\t\t\t<\/a>\n\t\t<\/div>\n\t\t\t\t<\/div>\n\t\t\t\t<\/div>\n\t\t\t\t\t<\/div>\n\t\t<\/div>\n\t\t\t\t\t<\/div>\n\t\t<\/section>\n\t\t\t\t\t<\/div>\n\t\t<\/div>\n\t\t\t\t\t<\/div>\n\t\t<\/section>\n\t\t\t\t<section class=\"elementor-section elementor-top-section elementor-element elementor-element-c36541b elementor-section-full_width elementor-section-height-default elementor-section-height-default\" data-id=\"c36541b\" data-element_type=\"section\">\n\t\t\t\t\t\t<div class=\"elementor-container elementor-column-gap-default\">\n\t\t\t\t\t<div class=\"elementor-column elementor-col-100 elementor-top-column elementor-element elementor-element-df53615\" data-id=\"df53615\" data-element_type=\"column\">\n\t\t\t<div class=\"elementor-widget-wrap elementor-element-populated\">\n\t\t\t\t\t\t<div class=\"elementor-element elementor-element-f856be0 elementor-widget elementor-widget-html\" data-id=\"f856be0\" data-element_type=\"widget\" data-widget_type=\"html.default\">\n\t\t\t\t<div class=\"elementor-widget-container\">\n\t\t\t<iframe src=\"https:\/\/www.google.com\/maps\/embed?pb=!1m18!1m12!1m3!1d1518.4003437515062!2d-3.6921504768523215!3d40.43541209492959!2m3!1f0!2f0!3f0!3m2!1i1024!2i768!4f13.1!3m3!1m2!1s0xd4228ed139f5111%3A0x84d1e24687498995!2sOliva-Ayala%20Abogados!5e0!3m2!1ses!2ses!4v1689777774497!5m2!1ses!2ses\" width=\"600\" height=\"450\" style=\"border:0;\" allowfullscreen=\"\" loading=\"lazy\" referrerpolicy=\"no-referrer-when-downgrade\"><\/iframe>\t\t<\/div>\n\t\t\t\t<\/div>\n\t\t\t\t\t<\/div>\n\t\t<\/div>\n\t\t\t\t\t<\/div>\n\t\t<\/section>\n\t\t\t\t<\/div>\n\t\t","protected":false},"excerpt":{"rendered":"<p>Kontakt Kontakt Wenn Sie unsere Leistungen in Anspruch nehmen m\u00f6chten, nehmen Sie bitte Kontakt mit uns auf. Wir beantworten gerne Ihre Fragen und W\u00fcnsche. Telefon +34 913 911 290 Fax +34 913 103 455 Adresse Calle Miguel \u00c1ngel N\u00ba 14, 3\u00ba, 28010 Madrid, Espa\u00f1a E-mail abogados@oliva-ayala.com Linkedin<\/p>\n","protected":false},"author":1,"featured_media":0,"parent":0,"menu_order":0,"comment_status":"closed","ping_status":"closed","template":"","meta":{"footnotes":""},"class_list":["post-5910","page","type-page","status-publish","hentry"],"yoast_head":"<!-- This site is optimized with the Yoast SEO plugin v23.4 - https:\/\/yoast.com\/wordpress\/plugins\/seo\/ -->\n<title>Kontakt - Oliva-Ayala Abogados<\/title>\n<meta name=\"robots\" content=\"index, follow, max-snippet:-1, max-image-preview:large, max-video-preview:-1\" \/>\n<link rel=\"canonical\" href=\"https:\/\/www.oliva-ayala.es\/de\/kontakt\/\" \/>\n<meta property=\"og:locale\" content=\"de_DE\" \/>\n<meta property=\"og:type\" content=\"article\" \/>\n<meta property=\"og:title\" content=\"Kontakt - Oliva-Ayala Abogados\" \/>\n<meta property=\"og:description\" content=\"Kontakt Kontakt Wenn Sie unsere Leistungen in Anspruch nehmen m\u00f6chten, nehmen Sie bitte Kontakt mit uns auf. Wir beantworten gerne Ihre Fragen und W\u00fcnsche. Telefon +34 913 911 290 Fax +34 913 103 455 Adresse Calle Miguel \u00c1ngel N\u00ba 14, 3\u00ba, 28010 Madrid, Espa\u00f1a E-mail abogados@oliva-ayala.com Linkedin\" \/>\n<meta property=\"og:url\" content=\"https:\/\/www.oliva-ayala.es\/de\/kontakt\/\" \/>\n<meta property=\"og:site_name\" content=\"Oliva-Ayala Abogados\" \/>\n<meta property=\"article:modified_time\" content=\"2024-01-15T13:52:03+00:00\" \/>\n<meta property=\"og:image\" content=\"https:\/\/www.oliva-ayala.es\/wp-content\/uploads\/2023\/11\/Puerta-Oliva-Ayala-Contacto.jpg\" \/>\n<meta name=\"twitter:card\" content=\"summary_large_image\" \/>\n<script type=\"application\/ld+json\" class=\"yoast-schema-graph\">{\"@context\":\"https:\/\/schema.org\",\"@graph\":[{\"@type\":\"WebPage\",\"@id\":\"https:\/\/www.oliva-ayala.es\/de\/kontakt\/\",\"url\":\"https:\/\/www.oliva-ayala.es\/de\/kontakt\/\",\"name\":\"Kontakt - Oliva-Ayala Abogados\",\"isPartOf\":{\"@id\":\"https:\/\/www.oliva-ayala.es\/#website\"},\"primaryImageOfPage\":{\"@id\":\"https:\/\/www.oliva-ayala.es\/de\/kontakt\/#primaryimage\"},\"image\":{\"@id\":\"https:\/\/www.oliva-ayala.es\/de\/kontakt\/#primaryimage\"},\"thumbnailUrl\":\"https:\/\/www.oliva-ayala.es\/wp-content\/uploads\/2023\/11\/Puerta-Oliva-Ayala-Contacto.jpg\",\"datePublished\":\"2023-07-12T08:59:02+00:00\",\"dateModified\":\"2024-01-15T13:52:03+00:00\",\"breadcrumb\":{\"@id\":\"https:\/\/www.oliva-ayala.es\/de\/kontakt\/#breadcrumb\"},\"inLanguage\":\"de\",\"potentialAction\":[{\"@type\":\"ReadAction\",\"target\":[\"https:\/\/www.oliva-ayala.es\/de\/kontakt\/\"]}]},{\"@type\":\"ImageObject\",\"inLanguage\":\"de\",\"@id\":\"https:\/\/www.oliva-ayala.es\/de\/kontakt\/#primaryimage\",\"url\":\"https:\/\/www.oliva-ayala.es\/wp-content\/uploads\/2023\/11\/Puerta-Oliva-Ayala-Contacto.jpg\",\"contentUrl\":\"https:\/\/www.oliva-ayala.es\/wp-content\/uploads\/2023\/11\/Puerta-Oliva-Ayala-Contacto.jpg\"},{\"@type\":\"BreadcrumbList\",\"@id\":\"https:\/\/www.oliva-ayala.es\/de\/kontakt\/#breadcrumb\",\"itemListElement\":[{\"@type\":\"ListItem\",\"position\":1,\"name\":\"Portada\",\"item\":\"https:\/\/www.oliva-ayala.es\/de\/startseite\/\"},{\"@type\":\"ListItem\",\"position\":2,\"name\":\"Kontakt\"}]},{\"@type\":\"WebSite\",\"@id\":\"https:\/\/www.oliva-ayala.es\/#website\",\"url\":\"https:\/\/www.oliva-ayala.es\/\",\"name\":\"Oliva-Ayala Abogados\",\"description\":\"M\u00e1xima especializaci\u00f3n en derecho penal\",\"publisher\":{\"@id\":\"https:\/\/www.oliva-ayala.es\/#organization\"},\"potentialAction\":[{\"@type\":\"SearchAction\",\"target\":{\"@type\":\"EntryPoint\",\"urlTemplate\":\"https:\/\/www.oliva-ayala.es\/?s={search_term_string}\"},\"query-input\":{\"@type\":\"PropertyValueSpecification\",\"valueRequired\":true,\"valueName\":\"search_term_string\"}}],\"inLanguage\":\"de\"},{\"@type\":\"Organization\",\"@id\":\"https:\/\/www.oliva-ayala.es\/#organization\",\"name\":\"Oliva-Ayala Abogados\",\"url\":\"https:\/\/www.oliva-ayala.es\/\",\"logo\":{\"@type\":\"ImageObject\",\"inLanguage\":\"de\",\"@id\":\"https:\/\/www.oliva-ayala.es\/#\/schema\/logo\/image\/\",\"url\":\"https:\/\/www.oliva-ayala.es\/wp-content\/uploads\/2023\/07\/OLIVA-AYALA-logo-menu.png\",\"contentUrl\":\"https:\/\/www.oliva-ayala.es\/wp-content\/uploads\/2023\/07\/OLIVA-AYALA-logo-menu.png\",\"width\":1179,\"height\":401,\"caption\":\"Oliva-Ayala Abogados\"},\"image\":{\"@id\":\"https:\/\/www.oliva-ayala.es\/#\/schema\/logo\/image\/\"}}]}<\/script>\n<!-- \/ Yoast SEO plugin. -->","yoast_head_json":{"title":"Kontakt - Oliva-Ayala Abogados","robots":{"index":"index","follow":"follow","max-snippet":"max-snippet:-1","max-image-preview":"max-image-preview:large","max-video-preview":"max-video-preview:-1"},"canonical":"https:\/\/www.oliva-ayala.es\/de\/kontakt\/","og_locale":"de_DE","og_type":"article","og_title":"Kontakt - Oliva-Ayala Abogados","og_description":"Kontakt Kontakt Wenn Sie unsere Leistungen in Anspruch nehmen m\u00f6chten, nehmen Sie bitte Kontakt mit uns auf. Wir beantworten gerne Ihre Fragen und W\u00fcnsche. Telefon +34 913 911 290 Fax +34 913 103 455 Adresse Calle Miguel \u00c1ngel N\u00ba 14, 3\u00ba, 28010 Madrid, Espa\u00f1a E-mail abogados@oliva-ayala.com Linkedin","og_url":"https:\/\/www.oliva-ayala.es\/de\/kontakt\/","og_site_name":"Oliva-Ayala Abogados","article_modified_time":"2024-01-15T13:52:03+00:00","og_image":[{"url":"https:\/\/www.oliva-ayala.es\/wp-content\/uploads\/2023\/11\/Puerta-Oliva-Ayala-Contacto.jpg"}],"twitter_card":"summary_large_image","schema":{"@context":"https:\/\/schema.org","@graph":[{"@type":"WebPage","@id":"https:\/\/www.oliva-ayala.es\/de\/kontakt\/","url":"https:\/\/www.oliva-ayala.es\/de\/kontakt\/","name":"Kontakt - Oliva-Ayala Abogados","isPartOf":{"@id":"https:\/\/www.oliva-ayala.es\/#website"},"primaryImageOfPage":{"@id":"https:\/\/www.oliva-ayala.es\/de\/kontakt\/#primaryimage"},"image":{"@id":"https:\/\/www.oliva-ayala.es\/de\/kontakt\/#primaryimage"},"thumbnailUrl":"https:\/\/www.oliva-ayala.es\/wp-content\/uploads\/2023\/11\/Puerta-Oliva-Ayala-Contacto.jpg","datePublished":"2023-07-12T08:59:02+00:00","dateModified":"2024-01-15T13:52:03+00:00","breadcrumb":{"@id":"https:\/\/www.oliva-ayala.es\/de\/kontakt\/#breadcrumb"},"inLanguage":"de","potentialAction":[{"@type":"ReadAction","target":["https:\/\/www.oliva-ayala.es\/de\/kontakt\/"]}]},{"@type":"ImageObject","inLanguage":"de","@id":"https:\/\/www.oliva-ayala.es\/de\/kontakt\/#primaryimage","url":"https:\/\/www.oliva-ayala.es\/wp-content\/uploads\/2023\/11\/Puerta-Oliva-Ayala-Contacto.jpg","contentUrl":"https:\/\/www.oliva-ayala.es\/wp-content\/uploads\/2023\/11\/Puerta-Oliva-Ayala-Contacto.jpg"},{"@type":"BreadcrumbList","@id":"https:\/\/www.oliva-ayala.es\/de\/kontakt\/#breadcrumb","itemListElement":[{"@type":"ListItem","position":1,"name":"Portada","item":"https:\/\/www.oliva-ayala.es\/de\/startseite\/"},{"@type":"ListItem","position":2,"name":"Kontakt"}]},{"@type":"WebSite","@id":"https:\/\/www.oliva-ayala.es\/#website","url":"https:\/\/www.oliva-ayala.es\/","name":"Oliva-Ayala Abogados","description":"M\u00e1xima especializaci\u00f3n en derecho penal","publisher":{"@id":"https:\/\/www.oliva-ayala.es\/#organization"},"potentialAction":[{"@type":"SearchAction","target":{"@type":"EntryPoint","urlTemplate":"https:\/\/www.oliva-ayala.es\/?s={search_term_string}"},"query-input":{"@type":"PropertyValueSpecification","valueRequired":true,"valueName":"search_term_string"}}],"inLanguage":"de"},{"@type":"Organization","@id":"https:\/\/www.oliva-ayala.es\/#organization","name":"Oliva-Ayala Abogados","url":"https:\/\/www.oliva-ayala.es\/","logo":{"@type":"ImageObject","inLanguage":"de","@id":"https:\/\/www.oliva-ayala.es\/#\/schema\/logo\/image\/","url":"https:\/\/www.oliva-ayala.es\/wp-content\/uploads\/2023\/07\/OLIVA-AYALA-logo-menu.png","contentUrl":"https:\/\/www.oliva-ayala.es\/wp-content\/uploads\/2023\/07\/OLIVA-AYALA-logo-menu.png","width":1179,"height":401,"caption":"Oliva-Ayala Abogados"},"image":{"@id":"https:\/\/www.oliva-ayala.es\/#\/schema\/logo\/image\/"}}]}},"_links":{"self":[{"href":"https:\/\/www.oliva-ayala.es\/de\/wp-json\/wp\/v2\/pages\/5910","targetHints":{"allow":["GET"]}}],"collection":[{"href":"https:\/\/www.oliva-ayala.es\/de\/wp-json\/wp\/v2\/pages"}],"about":[{"href":"https:\/\/www.oliva-ayala.es\/de\/wp-json\/wp\/v2\/types\/page"}],"author":[{"embeddable":true,"href":"https:\/\/www.oliva-ayala.es\/de\/wp-json\/wp\/v2\/users\/1"}],"replies":[{"embeddable":true,"href":"https:\/\/www.oliva-ayala.es\/de\/wp-json\/wp\/v2\/comments?post=5910"}],"version-history":[{"count":3,"href":"https:\/\/www.oliva-ayala.es\/de\/wp-json\/wp\/v2\/pages\/5910\/revisions"}],"predecessor-version":[{"id":5914,"href":"https:\/\/www.oliva-ayala.es\/de\/wp-json\/wp\/v2\/pages\/5910\/revisions\/5914"}],"wp:attachment":[{"href":"https:\/\/www.oliva-ayala.es\/de\/wp-json\/wp\/v2\/media?parent=5910"}],"curies":[{"name":"wp","href":"https:\/\/api.w.org\/{rel}","templated":true}]}}