{"id":5737,"date":"2023-07-12T10:57:51","date_gmt":"2023-07-12T08:57:51","guid":{"rendered":"https:\/\/www.oliva-ayala.es\/startseite\/"},"modified":"2024-01-26T09:35:18","modified_gmt":"2024-01-26T08:35:18","slug":"startseite","status":"publish","type":"page","link":"https:\/\/www.oliva-ayala.es\/de\/","title":{"rendered":"Startseite"},"content":{"rendered":"\t\t<div data-elementor-type=\"wp-page\" data-elementor-id=\"5737\" class=\"elementor elementor-5737 elementor-11\" data-elementor-post-type=\"page\">\n\t\t\t\t\t\t<section class=\"elementor-section elementor-top-section elementor-element elementor-element-277d3e9 elementor-section-full_width elementor-section-height-default elementor-section-height-default\" data-id=\"277d3e9\" data-element_type=\"section\">\n\t\t\t\t\t\t<div class=\"elementor-container elementor-column-gap-default\">\n\t\t\t\t\t<div class=\"elementor-column elementor-col-50 elementor-top-column elementor-element elementor-element-00a53d1\" data-id=\"00a53d1\" data-element_type=\"column\">\n\t\t\t<div class=\"elementor-widget-wrap\">\n\t\t\t\t\t\t\t<\/div>\n\t\t<\/div>\n\t\t\t\t<div class=\"elementor-column elementor-col-50 elementor-top-column elementor-element elementor-element-1a51ce7\" data-id=\"1a51ce7\" data-element_type=\"column\">\n\t\t\t<div class=\"elementor-widget-wrap elementor-element-populated\">\n\t\t\t\t\t\t<div class=\"elementor-element elementor-element-72e176d elementor-widget elementor-widget-text-editor\" data-id=\"72e176d\" data-element_type=\"widget\" data-widget_type=\"text-editor.default\">\n\t\t\t\t<div class=\"elementor-widget-container\">\n\t\t\t<style>\/*! elementor - v3.23.0 - 05-08-2024 *\/\n.elementor-widget-text-editor.elementor-drop-cap-view-stacked .elementor-drop-cap{background-color:#69727d;color:#fff}.elementor-widget-text-editor.elementor-drop-cap-view-framed .elementor-drop-cap{color:#69727d;border:3px solid;background-color:transparent}.elementor-widget-text-editor:not(.elementor-drop-cap-view-default) .elementor-drop-cap{margin-top:8px}.elementor-widget-text-editor:not(.elementor-drop-cap-view-default) .elementor-drop-cap-letter{width:1em;height:1em}.elementor-widget-text-editor .elementor-drop-cap{float:left;text-align:center;line-height:1;font-size:50px}.elementor-widget-text-editor .elementor-drop-cap-letter{display:inline-block}<\/style>\t\t\t\t<p style=\"text-align: right;\">\n<div class=\"wpml-ls-statics-shortcode_actions wpml-ls wpml-ls-legacy-list-horizontal\">\n\t<ul><li class=\"wpml-ls-slot-shortcode_actions wpml-ls-item wpml-ls-item-es wpml-ls-first-item wpml-ls-item-legacy-list-horizontal\">\n\t\t\t\t<a href=\"https:\/\/www.oliva-ayala.es\/\" class=\"wpml-ls-link\">\n                                                        <img decoding=\"async\"\n            class=\"wpml-ls-flag\"\n            src=\"https:\/\/www.oliva-ayala.es\/wp-content\/plugins\/sitepress-multilingual-cms\/res\/flags\/es.svg\"\n            alt=\"\"\n            width=18\n            height=12\n    \/><span class=\"wpml-ls-native\" lang=\"es\">Espa\u00f1ol<\/span><\/a>\n\t\t\t<\/li><li class=\"wpml-ls-slot-shortcode_actions wpml-ls-item wpml-ls-item-en wpml-ls-last-item wpml-ls-item-legacy-list-horizontal\">\n\t\t\t\t<a href=\"https:\/\/www.oliva-ayala.es\/en\/\" class=\"wpml-ls-link\">\n                                                        <img decoding=\"async\"\n            class=\"wpml-ls-flag\"\n            src=\"https:\/\/www.oliva-ayala.es\/wp-content\/plugins\/sitepress-multilingual-cms\/res\/flags\/en.svg\"\n            alt=\"\"\n            width=18\n            height=12\n    \/><span class=\"wpml-ls-native\" lang=\"en\">English<\/span><\/a>\n\t\t\t<\/li><\/ul>\n<\/div>\n<\/p>\t\t\t\t\t\t<\/div>\n\t\t\t\t<\/div>\n\t\t\t\t\t<\/div>\n\t\t<\/div>\n\t\t\t\t\t<\/div>\n\t\t<\/section>\n\t\t\t\t<section class=\"elementor-section elementor-top-section elementor-element elementor-element-f17a51e elementor-section-full_width elementor-section-content-middle elementor-section-height-default elementor-section-height-default elementor-invisible\" data-id=\"f17a51e\" data-element_type=\"section\" data-settings=\"{&quot;background_background&quot;:&quot;classic&quot;,&quot;animation&quot;:&quot;fadeIn&quot;}\">\n\t\t\t\t\t\t\t<div class=\"elementor-background-overlay\"><\/div>\n\t\t\t\t\t\t\t<div class=\"elementor-container elementor-column-gap-default\">\n\t\t\t\t\t<div class=\"elementor-column elementor-col-100 elementor-top-column elementor-element elementor-element-fcb8f76\" data-id=\"fcb8f76\" data-element_type=\"column\">\n\t\t\t<div class=\"elementor-widget-wrap elementor-element-populated\">\n\t\t\t\t\t\t<section class=\"elementor-section elementor-inner-section elementor-element elementor-element-f084630 elementor-section-full_width elementor-section-height-full elementor-section-content-middle elementor-section-height-default\" data-id=\"f084630\" data-element_type=\"section\">\n\t\t\t\t\t\t<div class=\"elementor-container elementor-column-gap-default\">\n\t\t\t\t\t<div class=\"elementor-column elementor-col-100 elementor-inner-column elementor-element elementor-element-517ca60\" data-id=\"517ca60\" data-element_type=\"column\">\n\t\t\t<div class=\"elementor-widget-wrap elementor-element-populated\">\n\t\t\t\t\t\t<div class=\"elementor-element elementor-element-12226cc elementor-widget elementor-widget-heading\" data-id=\"12226cc\" data-element_type=\"widget\" data-widget_type=\"heading.default\">\n\t\t\t\t<div class=\"elementor-widget-container\">\n\t\t\t<style>\/*! elementor - v3.23.0 - 05-08-2024 *\/\n.elementor-heading-title{padding:0;margin:0;line-height:1}.elementor-widget-heading .elementor-heading-title[class*=elementor-size-]>a{color:inherit;font-size:inherit;line-height:inherit}.elementor-widget-heading .elementor-heading-title.elementor-size-small{font-size:15px}.elementor-widget-heading .elementor-heading-title.elementor-size-medium{font-size:19px}.elementor-widget-heading .elementor-heading-title.elementor-size-large{font-size:29px}.elementor-widget-heading .elementor-heading-title.elementor-size-xl{font-size:39px}.elementor-widget-heading .elementor-heading-title.elementor-size-xxl{font-size:59px}<\/style><h1 class=\"elementor-heading-title elementor-size-default\">Oliva-Ayala<\/h1>\t\t<\/div>\n\t\t\t\t<\/div>\n\t\t\t\t<div class=\"elementor-element elementor-element-5a24afe elementor-widget elementor-widget-heading\" data-id=\"5a24afe\" data-element_type=\"widget\" data-widget_type=\"heading.default\">\n\t\t\t\t<div class=\"elementor-widget-container\">\n\t\t\t<h1 class=\"elementor-heading-title elementor-size-default\">Rechtsanw\u00e4lte<\/h1>\t\t<\/div>\n\t\t\t\t<\/div>\n\t\t\t\t<div class=\"elementor-element elementor-element-a7192ef elementor-widget elementor-widget-heading\" data-id=\"a7192ef\" data-element_type=\"widget\" data-widget_type=\"heading.default\">\n\t\t\t\t<div class=\"elementor-widget-container\">\n\t\t\t<h2 class=\"elementor-heading-title elementor-size-default\">30 Jahre ein Ma\u00dfstab im Strafrecht<\/h2>\t\t<\/div>\n\t\t\t\t<\/div>\n\t\t\t\t\t<\/div>\n\t\t<\/div>\n\t\t\t\t\t<\/div>\n\t\t<\/section>\n\t\t\t\t<section class=\"elementor-section elementor-inner-section elementor-element elementor-element-7475c3d elementor-section-full_width elementor-section-content-bottom elementor-section-height-default elementor-section-height-default\" data-id=\"7475c3d\" data-element_type=\"section\">\n\t\t\t\t\t\t<div class=\"elementor-container elementor-column-gap-default\">\n\t\t\t\t\t<div class=\"elementor-column elementor-col-20 elementor-inner-column elementor-element elementor-element-2a22630\" data-id=\"2a22630\" data-element_type=\"column\">\n\t\t\t<div class=\"elementor-widget-wrap elementor-element-populated\">\n\t\t\t\t\t\t<div class=\"elementor-element elementor-element-b1a9f8f elementor-align-justify elementor-widget elementor-widget-button\" data-id=\"b1a9f8f\" data-element_type=\"widget\" data-widget_type=\"button.default\">\n\t\t\t\t<div class=\"elementor-widget-container\">\n\t\t\t\t\t<div class=\"elementor-button-wrapper\">\n\t\t\t<a class=\"elementor-button elementor-button-link elementor-size-xl elementor-animation-float\" href=\"https:\/\/www.oliva-ayala.es\/de\/das-team\/\">\n\t\t\t\t\t\t<span class=\"elementor-button-content-wrapper\">\n\t\t\t\t\t\t\t\t\t<span class=\"elementor-button-text\">Das Team<br><span style=\"font-size:16px;font-weight:200;line-height:0.1 !important;\">Renommierte Berufstr\u00e4ger<\/span><\/span>\n\t\t\t\t\t<\/span>\n\t\t\t\t\t<\/a>\n\t\t<\/div>\n\t\t\t\t<\/div>\n\t\t\t\t<\/div>\n\t\t\t\t\t<\/div>\n\t\t<\/div>\n\t\t\t\t<div class=\"elementor-column elementor-col-20 elementor-inner-column elementor-element elementor-element-e8026d9\" data-id=\"e8026d9\" data-element_type=\"column\">\n\t\t\t<div class=\"elementor-widget-wrap elementor-element-populated\">\n\t\t\t\t\t\t<div class=\"elementor-element elementor-element-118db2c elementor-align-justify elementor-widget elementor-widget-button\" data-id=\"118db2c\" data-element_type=\"widget\" data-widget_type=\"button.default\">\n\t\t\t\t<div class=\"elementor-widget-container\">\n\t\t\t\t\t<div class=\"elementor-button-wrapper\">\n\t\t\t<a class=\"elementor-button elementor-button-link elementor-size-xl elementor-animation-float\" href=\"https:\/\/www.oliva-ayala.es\/de\/die-kanzlei\/\">\n\t\t\t\t\t\t<span class=\"elementor-button-content-wrapper\">\n\t\t\t\t\t\t\t\t\t<span class=\"elementor-button-text\">Die Kanzlei<br><span style=\"font-size:16px;font-weight:200;line-height:0.1 !important;\">\u00dcber uns<\/span><\/span>\n\t\t\t\t\t<\/span>\n\t\t\t\t\t<\/a>\n\t\t<\/div>\n\t\t\t\t<\/div>\n\t\t\t\t<\/div>\n\t\t\t\t\t<\/div>\n\t\t<\/div>\n\t\t\t\t<div class=\"elementor-column elementor-col-20 elementor-inner-column elementor-element elementor-element-707db52\" data-id=\"707db52\" data-element_type=\"column\">\n\t\t\t<div class=\"elementor-widget-wrap elementor-element-populated\">\n\t\t\t\t\t\t<div class=\"elementor-element elementor-element-ce571af elementor-align-justify elementor-widget elementor-widget-button\" data-id=\"ce571af\" data-element_type=\"widget\" data-widget_type=\"button.default\">\n\t\t\t\t<div class=\"elementor-widget-container\">\n\t\t\t\t\t<div class=\"elementor-button-wrapper\">\n\t\t\t<a class=\"elementor-button elementor-button-link elementor-size-xl elementor-animation-float\" href=\"https:\/\/www.oliva-ayala.es\/de\/leistungen\/\">\n\t\t\t\t\t\t<span class=\"elementor-button-content-wrapper\">\n\t\t\t\t\t\t\t\t\t<span class=\"elementor-button-text\">Leistungen<br><span style=\"font-size:16px;font-weight:200;line-height:0.1 !important;\">Experten im Strafrecht<\/span><\/span>\n\t\t\t\t\t<\/span>\n\t\t\t\t\t<\/a>\n\t\t<\/div>\n\t\t\t\t<\/div>\n\t\t\t\t<\/div>\n\t\t\t\t\t<\/div>\n\t\t<\/div>\n\t\t\t\t<div class=\"elementor-column elementor-col-20 elementor-inner-column elementor-element elementor-element-292071c\" data-id=\"292071c\" data-element_type=\"column\">\n\t\t\t<div class=\"elementor-widget-wrap elementor-element-populated\">\n\t\t\t\t\t\t<div class=\"elementor-element elementor-element-d9195b9 elementor-align-justify elementor-widget elementor-widget-button\" data-id=\"d9195b9\" data-element_type=\"widget\" data-widget_type=\"button.default\">\n\t\t\t\t<div class=\"elementor-widget-container\">\n\t\t\t\t\t<div class=\"elementor-button-wrapper\">\n\t\t\t<a class=\"elementor-button elementor-button-link elementor-size-xl elementor-animation-float\" href=\"https:\/\/www.oliva-ayala.es\/de\/jura-news\/\">\n\t\t\t\t\t\t<span class=\"elementor-button-content-wrapper\">\n\t\t\t\t\t\t\t\t\t<span class=\"elementor-button-text\">Jura-News<br><span style=\"font-size:16px;font-weight:200;line-height:0.1 !important;\">Unsere Ver\u00f6ffentlichungen<\/span><\/span>\n\t\t\t\t\t<\/span>\n\t\t\t\t\t<\/a>\n\t\t<\/div>\n\t\t\t\t<\/div>\n\t\t\t\t<\/div>\n\t\t\t\t\t<\/div>\n\t\t<\/div>\n\t\t\t\t<div class=\"elementor-column elementor-col-20 elementor-inner-column elementor-element elementor-element-8511ba5\" data-id=\"8511ba5\" data-element_type=\"column\">\n\t\t\t<div class=\"elementor-widget-wrap elementor-element-populated\">\n\t\t\t\t\t\t<div class=\"elementor-element elementor-element-2045463 elementor-align-justify elementor-widget elementor-widget-button\" data-id=\"2045463\" data-element_type=\"widget\" data-widget_type=\"button.default\">\n\t\t\t\t<div class=\"elementor-widget-container\">\n\t\t\t\t\t<div class=\"elementor-button-wrapper\">\n\t\t\t<a class=\"elementor-button elementor-button-link elementor-size-xl elementor-animation-float\" href=\"https:\/\/www.oliva-ayala.es\/de\/kontakt\/\">\n\t\t\t\t\t\t<span class=\"elementor-button-content-wrapper\">\n\t\t\t\t\t\t\t\t\t<span class=\"elementor-button-text\">Kontakt<br><span style=\"font-size:16px;font-weight:200;line-height:0.1 !important;\">Wir helfen Ihnen gern<\/span><\/span>\n\t\t\t\t\t<\/span>\n\t\t\t\t\t<\/a>\n\t\t<\/div>\n\t\t\t\t<\/div>\n\t\t\t\t<\/div>\n\t\t\t\t\t<\/div>\n\t\t<\/div>\n\t\t\t\t\t<\/div>\n\t\t<\/section>\n\t\t\t\t\t<\/div>\n\t\t<\/div>\n\t\t\t\t\t<\/div>\n\t\t<\/section>\n\t\t\t\t<\/div>\n\t\t","protected":false},"excerpt":{"rendered":"<p>Oliva-Ayala Rechtsanw\u00e4lte 30 Jahre ein Ma\u00dfstab im Strafrecht Das TeamRenommierte Berufstr\u00e4ger Die Kanzlei\u00dcber uns LeistungenExperten im Strafrecht Jura-NewsUnsere Ver\u00f6ffentlichungen KontaktWir helfen Ihnen gern<\/p>\n","protected":false},"author":1,"featured_media":0,"parent":0,"menu_order":0,"comment_status":"closed","ping_status":"closed","template":"","meta":{"footnotes":""},"class_list":["post-5737","page","type-page","status-publish","hentry"],"yoast_head":"<!-- This site is optimized with the Yoast SEO plugin v23.4 - https:\/\/yoast.com\/wordpress\/plugins\/seo\/ -->\n<title>Startseite - Oliva-Ayala Abogados<\/title>\n<meta name=\"robots\" content=\"index, follow, max-snippet:-1, max-image-preview:large, max-video-preview:-1\" \/>\n<link rel=\"canonical\" href=\"https:\/\/www.oliva-ayala.es\/de\/startseite\/\" \/>\n<meta property=\"og:locale\" content=\"de_DE\" \/>\n<meta property=\"og:type\" content=\"article\" \/>\n<meta property=\"og:title\" content=\"Startseite - Oliva-Ayala Abogados\" \/>\n<meta property=\"og:description\" content=\"Oliva-Ayala Rechtsanw\u00e4lte 30 Jahre ein Ma\u00dfstab im Strafrecht Das TeamRenommierte Berufstr\u00e4ger Die Kanzlei\u00dcber uns LeistungenExperten im Strafrecht Jura-NewsUnsere Ver\u00f6ffentlichungen KontaktWir helfen Ihnen gern\" \/>\n<meta property=\"og:url\" content=\"https:\/\/www.oliva-ayala.es\/de\/startseite\/\" \/>\n<meta property=\"og:site_name\" content=\"Oliva-Ayala Abogados\" \/>\n<meta property=\"article:modified_time\" content=\"2024-01-26T08:35:18+00:00\" \/>\n<meta name=\"twitter:card\" content=\"summary_large_image\" \/>\n<script type=\"application\/ld+json\" class=\"yoast-schema-graph\">{\"@context\":\"https:\/\/schema.org\",\"@graph\":[{\"@type\":\"WebPage\",\"@id\":\"https:\/\/www.oliva-ayala.es\/de\/startseite\/\",\"url\":\"https:\/\/www.oliva-ayala.es\/de\/startseite\/\",\"name\":\"Startseite - Oliva-Ayala Abogados\",\"isPartOf\":{\"@id\":\"https:\/\/www.oliva-ayala.es\/#website\"},\"datePublished\":\"2023-07-12T08:57:51+00:00\",\"dateModified\":\"2024-01-26T08:35:18+00:00\",\"breadcrumb\":{\"@id\":\"https:\/\/www.oliva-ayala.es\/de\/startseite\/#breadcrumb\"},\"inLanguage\":\"de\",\"potentialAction\":[{\"@type\":\"ReadAction\",\"target\":[\"https:\/\/www.oliva-ayala.es\/de\/startseite\/\"]}]},{\"@type\":\"BreadcrumbList\",\"@id\":\"https:\/\/www.oliva-ayala.es\/de\/startseite\/#breadcrumb\",\"itemListElement\":[{\"@type\":\"ListItem\",\"position\":1,\"name\":\"Portada\",\"item\":\"https:\/\/www.oliva-ayala.es\/de\/startseite\/\"},{\"@type\":\"ListItem\",\"position\":2,\"name\":\"Startseite\"}]},{\"@type\":\"WebSite\",\"@id\":\"https:\/\/www.oliva-ayala.es\/#website\",\"url\":\"https:\/\/www.oliva-ayala.es\/\",\"name\":\"Oliva-Ayala Abogados\",\"description\":\"M\u00e1xima especializaci\u00f3n en derecho penal\",\"publisher\":{\"@id\":\"https:\/\/www.oliva-ayala.es\/#organization\"},\"potentialAction\":[{\"@type\":\"SearchAction\",\"target\":{\"@type\":\"EntryPoint\",\"urlTemplate\":\"https:\/\/www.oliva-ayala.es\/?s={search_term_string}\"},\"query-input\":{\"@type\":\"PropertyValueSpecification\",\"valueRequired\":true,\"valueName\":\"search_term_string\"}}],\"inLanguage\":\"de\"},{\"@type\":\"Organization\",\"@id\":\"https:\/\/www.oliva-ayala.es\/#organization\",\"name\":\"Oliva-Ayala Abogados\",\"url\":\"https:\/\/www.oliva-ayala.es\/\",\"logo\":{\"@type\":\"ImageObject\",\"inLanguage\":\"de\",\"@id\":\"https:\/\/www.oliva-ayala.es\/#\/schema\/logo\/image\/\",\"url\":\"https:\/\/www.oliva-ayala.es\/wp-content\/uploads\/2023\/07\/OLIVA-AYALA-logo-menu.png\",\"contentUrl\":\"https:\/\/www.oliva-ayala.es\/wp-content\/uploads\/2023\/07\/OLIVA-AYALA-logo-menu.png\",\"width\":1179,\"height\":401,\"caption\":\"Oliva-Ayala Abogados\"},\"image\":{\"@id\":\"https:\/\/www.oliva-ayala.es\/#\/schema\/logo\/image\/\"}}]}<\/script>\n<!-- \/ Yoast SEO plugin. -->","yoast_head_json":{"title":"Startseite - Oliva-Ayala Abogados","robots":{"index":"index","follow":"follow","max-snippet":"max-snippet:-1","max-image-preview":"max-image-preview:large","max-video-preview":"max-video-preview:-1"},"canonical":"https:\/\/www.oliva-ayala.es\/de\/startseite\/","og_locale":"de_DE","og_type":"article","og_title":"Startseite - Oliva-Ayala Abogados","og_description":"Oliva-Ayala Rechtsanw\u00e4lte 30 Jahre ein Ma\u00dfstab im Strafrecht Das TeamRenommierte Berufstr\u00e4ger Die Kanzlei\u00dcber uns LeistungenExperten im Strafrecht Jura-NewsUnsere Ver\u00f6ffentlichungen KontaktWir helfen Ihnen gern","og_url":"https:\/\/www.oliva-ayala.es\/de\/startseite\/","og_site_name":"Oliva-Ayala Abogados","article_modified_time":"2024-01-26T08:35:18+00:00","twitter_card":"summary_large_image","schema":{"@context":"https:\/\/schema.org","@graph":[{"@type":"WebPage","@id":"https:\/\/www.oliva-ayala.es\/de\/startseite\/","url":"https:\/\/www.oliva-ayala.es\/de\/startseite\/","name":"Startseite - Oliva-Ayala Abogados","isPartOf":{"@id":"https:\/\/www.oliva-ayala.es\/#website"},"datePublished":"2023-07-12T08:57:51+00:00","dateModified":"2024-01-26T08:35:18+00:00","breadcrumb":{"@id":"https:\/\/www.oliva-ayala.es\/de\/startseite\/#breadcrumb"},"inLanguage":"de","potentialAction":[{"@type":"ReadAction","target":["https:\/\/www.oliva-ayala.es\/de\/startseite\/"]}]},{"@type":"BreadcrumbList","@id":"https:\/\/www.oliva-ayala.es\/de\/startseite\/#breadcrumb","itemListElement":[{"@type":"ListItem","position":1,"name":"Portada","item":"https:\/\/www.oliva-ayala.es\/de\/startseite\/"},{"@type":"ListItem","position":2,"name":"Startseite"}]},{"@type":"WebSite","@id":"https:\/\/www.oliva-ayala.es\/#website","url":"https:\/\/www.oliva-ayala.es\/","name":"Oliva-Ayala Abogados","description":"M\u00e1xima especializaci\u00f3n en derecho penal","publisher":{"@id":"https:\/\/www.oliva-ayala.es\/#organization"},"potentialAction":[{"@type":"SearchAction","target":{"@type":"EntryPoint","urlTemplate":"https:\/\/www.oliva-ayala.es\/?s={search_term_string}"},"query-input":{"@type":"PropertyValueSpecification","valueRequired":true,"valueName":"search_term_string"}}],"inLanguage":"de"},{"@type":"Organization","@id":"https:\/\/www.oliva-ayala.es\/#organization","name":"Oliva-Ayala Abogados","url":"https:\/\/www.oliva-ayala.es\/","logo":{"@type":"ImageObject","inLanguage":"de","@id":"https:\/\/www.oliva-ayala.es\/#\/schema\/logo\/image\/","url":"https:\/\/www.oliva-ayala.es\/wp-content\/uploads\/2023\/07\/OLIVA-AYALA-logo-menu.png","contentUrl":"https:\/\/www.oliva-ayala.es\/wp-content\/uploads\/2023\/07\/OLIVA-AYALA-logo-menu.png","width":1179,"height":401,"caption":"Oliva-Ayala Abogados"},"image":{"@id":"https:\/\/www.oliva-ayala.es\/#\/schema\/logo\/image\/"}}]}},"_links":{"self":[{"href":"https:\/\/www.oliva-ayala.es\/de\/wp-json\/wp\/v2\/pages\/5737","targetHints":{"allow":["GET"]}}],"collection":[{"href":"https:\/\/www.oliva-ayala.es\/de\/wp-json\/wp\/v2\/pages"}],"about":[{"href":"https:\/\/www.oliva-ayala.es\/de\/wp-json\/wp\/v2\/types\/page"}],"author":[{"embeddable":true,"href":"https:\/\/www.oliva-ayala.es\/de\/wp-json\/wp\/v2\/users\/1"}],"replies":[{"embeddable":true,"href":"https:\/\/www.oliva-ayala.es\/de\/wp-json\/wp\/v2\/comments?post=5737"}],"version-history":[{"count":30,"href":"https:\/\/www.oliva-ayala.es\/de\/wp-json\/wp\/v2\/pages\/5737\/revisions"}],"predecessor-version":[{"id":6228,"href":"https:\/\/www.oliva-ayala.es\/de\/wp-json\/wp\/v2\/pages\/5737\/revisions\/6228"}],"wp:attachment":[{"href":"https:\/\/www.oliva-ayala.es\/de\/wp-json\/wp\/v2\/media?parent=5737"}],"curies":[{"name":"wp","href":"https:\/\/api.w.org\/{rel}","templated":true}]}}